{"id":24,"date":"2014-11-06T15:23:33","date_gmt":"2014-11-06T13:23:33","guid":{"rendered":"https:\/\/www.bewegte-kinder-isenbuettel.de\/?page_id=24"},"modified":"2025-06-24T17:13:43","modified_gmt":"2025-06-24T15:13:43","slug":"kosten","status":"publish","type":"page","link":"https:\/\/www.bewegte-kinder-isenbuettel.de\/?page_id=24","title":{"rendered":"Kosten"},"content":{"rendered":"<h4>Kosten<\/h4>\n<p>Die F\u00f6rderstunde dauert 55 Minuten und findet w\u00f6chentlich statt. Der Monatsbeitrag betr\u00e4gt 35 \u20ac. In den Schulferien ist kein \u00dcbungsbetrieb. Der schulfreie Monat ist beitragsfrei.<\/p>\n<p>Bei einer entsprechender Indikation k\u00f6nnen die anfallenden Kosten mit den Krankenkassen abgerechnet werden. Fragen dazu beantworten wir gern.<\/p>\n","protected":false},"excerpt":{"rendered":"<p>Kosten Die F\u00f6rderstunde dauert 55 Minuten und findet w\u00f6chentlich statt. Der Monatsbeitrag betr\u00e4gt 35 \u20ac. In den Schulferien ist kein \u00dcbungsbetrieb. Der schulfreie Monat ist beitragsfrei. Bei einer entsprechender Indikation k\u00f6nnen die anfallenden Kosten mit den Krankenkassen abgerechnet werden. Fragen dazu beantworten wir gern.<\/p>\n","protected":false},"author":1,"featured_media":0,"parent":0,"menu_order":0,"comment_status":"closed","ping_status":"closed","template":"","meta":{"footnotes":""},"class_list":["post-24","page","type-page","status-publish"],"_links":{"self":[{"href":"https:\/\/www.bewegte-kinder-isenbuettel.de\/index.php?rest_route=\/wp\/v2\/pages\/24","targetHints":{"allow":["GET"]}}],"collection":[{"href":"https:\/\/www.bewegte-kinder-isenbuettel.de\/index.php?rest_route=\/wp\/v2\/pages"}],"about":[{"href":"https:\/\/www.bewegte-kinder-isenbuettel.de\/index.php?rest_route=\/wp\/v2\/types\/page"}],"author":[{"embeddable":true,"href":"https:\/\/www.bewegte-kinder-isenbuettel.de\/index.php?rest_route=\/wp\/v2\/users\/1"}],"replies":[{"embeddable":true,"href":"https:\/\/www.bewegte-kinder-isenbuettel.de\/index.php?rest_route=%2Fwp%2Fv2%2Fcomments&post=24"}],"version-history":[{"count":5,"href":"https:\/\/www.bewegte-kinder-isenbuettel.de\/index.php?rest_route=\/wp\/v2\/pages\/24\/revisions"}],"predecessor-version":[{"id":395,"href":"https:\/\/www.bewegte-kinder-isenbuettel.de\/index.php?rest_route=\/wp\/v2\/pages\/24\/revisions\/395"}],"wp:attachment":[{"href":"https:\/\/www.bewegte-kinder-isenbuettel.de\/index.php?rest_route=%2Fwp%2Fv2%2Fmedia&parent=24"}],"curies":[{"name":"wp","href":"https:\/\/api.w.org\/{rel}","templated":true}]}}